{"id":325,"date":"2019-11-07T08:43:41","date_gmt":"2019-11-07T08:43:41","guid":{"rendered":"http:\/\/test.wptemalari.net\/wordpressemlaktemasi\/?page_id=108"},"modified":"2021-01-25T18:58:59","modified_gmt":"2021-01-25T18:58:59","slug":"emlak-talep-formu","status":"publish","type":"page","link":"http:\/\/www.cenderegayrimenkul.com\/index.php\/emlak-talep-formu\/","title":{"rendered":"Emlak Talep Formu"},"content":{"rendered":"<div role=\"form\" class=\"wpcf7\" id=\"wpcf7-f332-o1\" lang=\"tr-TR\" dir=\"ltr\">\n<div class=\"screen-reader-response\"><p role=\"status\" aria-live=\"polite\" aria-atomic=\"true\"><\/p> <ul><\/ul><\/div>\n<form action=\"\/index.php\/wp-json\/wp\/v2\/pages\/325#wpcf7-f332-o1\" method=\"post\" class=\"wpcf7-form init\" novalidate=\"novalidate\" data-status=\"init\">\n<div style=\"display: none;\">\n<input type=\"hidden\" name=\"_wpcf7\" value=\"332\" \/>\n<input type=\"hidden\" name=\"_wpcf7_version\" value=\"5.5.4\" \/>\n<input type=\"hidden\" name=\"_wpcf7_locale\" value=\"tr_TR\" \/>\n<input type=\"hidden\" name=\"_wpcf7_unit_tag\" value=\"wpcf7-f332-o1\" \/>\n<input type=\"hidden\" name=\"_wpcf7_container_post\" value=\"0\" \/>\n<input type=\"hidden\" name=\"_wpcf7_posted_data_hash\" value=\"\" \/>\n<\/div>\n<div class=\"row\">\n<div class=\"span3 fl\">\n\u015eehir*<br \/>\n<span class=\"wpcf7-form-control-wrap text-520\"><input type=\"text\" name=\"text-520\" value=\"\" size=\"40\" class=\"wpcf7-form-control wpcf7-text wpcf7-validates-as-required\" aria-required=\"true\" aria-invalid=\"false\" placeholder=\"\u015eehir ismini yaz\u0131n\u0131z\" \/><\/span>\n<\/div>\n<div class=\"span3 fl\">\n\u0130l\u00e7e<br \/>\n<span class=\"wpcf7-form-control-wrap text-521\"><input type=\"text\" name=\"text-521\" value=\"\" size=\"40\" class=\"wpcf7-form-control wpcf7-text\" aria-invalid=\"false\" placeholder=\"\u0130l\u00e7e ismini yaz\u0131n\u0131z\" \/><\/span>\n<\/div>\n<div class=\"span3 fl\">\nMahalle<br \/>\n<span class=\"wpcf7-form-control-wrap text-522\"><input type=\"text\" name=\"text-522\" value=\"\" size=\"40\" class=\"wpcf7-form-control wpcf7-text\" aria-invalid=\"false\" placeholder=\"Mahalle ismini yaz\u0131n\u0131z\" \/><\/span>\n<\/div>\n<div class=\"span3 fl\">\nGayrimenkul Tipi*<br \/>\n<span class=\"wpcf7-form-control-wrap menu-745\"><select name=\"menu-745\" class=\"wpcf7-form-control wpcf7-select wpcf7-validates-as-required\" aria-required=\"true\" aria-invalid=\"false\"><option value=\"\">---<\/option><option value=\"Daire\">Daire<\/option><option value=\"\u0130\u015f Yeri\">\u0130\u015f Yeri<\/option><option value=\"Arsa\">Arsa<\/option><option value=\"Bina\">Bina<\/option><option value=\"Tarla\">Tarla<\/option><option value=\"Devrem\u00fclk\">Devrem\u00fclk<\/option><option value=\"Turistik Tesis\">Turistik Tesis<\/option><option value=\"Apart Otel\">Apart Otel<\/option><option value=\"Villa\">Villa<\/option><option value=\"Butik Otel\">Butik Otel<\/option><option value=\"Otel\">Otel<\/option><option value=\"Ofis\">Ofis<\/option><option value=\"Pansiyon\">Pansiyon<\/option><\/select><\/span>\n<\/div>\n<\/div>\n<div class=\"row\">\n<div class=\"span3 fl\">\nM\u00b2 (Minimum)<br \/>\n<span class=\"wpcf7-form-control-wrap text-523\"><input type=\"text\" name=\"text-523\" value=\"\" size=\"40\" class=\"wpcf7-form-control wpcf7-text wpcf7-validates-as-required\" aria-required=\"true\" aria-invalid=\"false\" \/><\/span>\n<\/div>\n<div class=\"span3 fl\">\nM\u00b2 (Maximum)<br \/>\n<span class=\"wpcf7-form-control-wrap text-524\"><input type=\"text\" name=\"text-524\" value=\"\" size=\"40\" class=\"wpcf7-form-control wpcf7-text wpcf7-validates-as-required\" aria-required=\"true\" aria-invalid=\"false\" \/><\/span>\n<\/div>\n<div class=\"span3 fl\">\nFiyat (Minimum)<br \/>\n<span class=\"wpcf7-form-control-wrap text-525\"><input type=\"text\" name=\"text-525\" value=\"\" size=\"40\" class=\"wpcf7-form-control wpcf7-text wpcf7-validates-as-required\" aria-required=\"true\" aria-invalid=\"false\" \/><\/span>\n<\/div>\n<div class=\"span3 fl\">\nFiyat (Maximum)<br \/>\n<span class=\"wpcf7-form-control-wrap text-526\"><input type=\"text\" name=\"text-526\" value=\"\" size=\"40\" class=\"wpcf7-form-control wpcf7-text wpcf7-validates-as-required\" aria-required=\"true\" aria-invalid=\"false\" \/><\/span>\n<\/div>\n<\/div>\n<div class=\"row\">\n<div class=\"span3 fl\">\nAd\u0131n\u0131z Soyad\u0131n\u0131z*<br \/>\n<span class=\"wpcf7-form-control-wrap your-name\"><input type=\"text\" name=\"your-name\" value=\"\" size=\"40\" class=\"wpcf7-form-control wpcf7-text wpcf7-validates-as-required\" aria-required=\"true\" aria-invalid=\"false\" \/><\/span>\n<\/div>\n<div class=\"span3 fl\">\nE-Posta Adresiniz<br \/>\n<span class=\"wpcf7-form-control-wrap your-email\"><input type=\"email\" name=\"your-email\" value=\"\" size=\"40\" class=\"wpcf7-form-control wpcf7-text wpcf7-email wpcf7-validates-as-required wpcf7-validates-as-email\" aria-required=\"true\" aria-invalid=\"false\" \/><\/span>\n<\/div>\n<div class=\"span3 fl\">\nTelefon Numaran\u0131z*<br \/>\n<span class=\"wpcf7-form-control-wrap text-525\"><input type=\"text\" name=\"text-525\" value=\"\" size=\"40\" class=\"wpcf7-form-control wpcf7-text wpcf7-validates-as-required\" aria-required=\"true\" aria-invalid=\"false\" \/><\/span>\n<\/div>\n<div class=\"span3 fl\">\nKredi Durumu<br \/>\n<span class=\"wpcf7-form-control-wrap menu-745\"><select name=\"menu-745\" class=\"wpcf7-form-control wpcf7-select wpcf7-validates-as-required\" aria-required=\"true\" aria-invalid=\"false\"><option value=\"\">---<\/option><option value=\"Farketmez\">Farketmez<\/option><option value=\"Krediye Uygun\">Krediye Uygun<\/option><option value=\"Krediye Uygun De\u011fil\">Krediye Uygun De\u011fil<\/option><\/select><\/span>\n<\/div>\n<\/div>\n<div class=\"row\">\n<div class=\"span12 fl\">\nEklemek \u0130stedikleriniz<br \/>\n<span class=\"wpcf7-form-control-wrap your-message\"><textarea name=\"your-message\" cols=\"40\" rows=\"10\" class=\"wpcf7-form-control wpcf7-textarea\" aria-invalid=\"false\"><\/textarea><\/span>\n<\/div>\n<\/div>\n<p><input type=\"submit\" value=\"G\u00f6nder\" class=\"wpcf7-form-control has-spinner wpcf7-submit\" \/><\/p>\n<div class=\"wpcf7-response-output\" aria-hidden=\"true\"><\/div><\/form><\/div>\n","protected":false},"excerpt":{"rendered":"","protected":false},"author":3,"featured_media":0,"parent":0,"menu_order":0,"comment_status":"closed","ping_status":"closed","template":"","meta":[],"_links":{"self":[{"href":"http:\/\/www.cenderegayrimenkul.com\/index.php\/wp-json\/wp\/v2\/pages\/325"}],"collection":[{"href":"http:\/\/www.cenderegayrimenkul.com\/index.php\/wp-json\/wp\/v2\/pages"}],"about":[{"href":"http:\/\/www.cenderegayrimenkul.com\/index.php\/wp-json\/wp\/v2\/types\/page"}],"author":[{"embeddable":true,"href":"http:\/\/www.cenderegayrimenkul.com\/index.php\/wp-json\/wp\/v2\/users\/3"}],"replies":[{"embeddable":true,"href":"http:\/\/www.cenderegayrimenkul.com\/index.php\/wp-json\/wp\/v2\/comments?post=325"}],"version-history":[{"count":1,"href":"http:\/\/www.cenderegayrimenkul.com\/index.php\/wp-json\/wp\/v2\/pages\/325\/revisions"}],"predecessor-version":[{"id":467,"href":"http:\/\/www.cenderegayrimenkul.com\/index.php\/wp-json\/wp\/v2\/pages\/325\/revisions\/467"}],"wp:attachment":[{"href":"http:\/\/www.cenderegayrimenkul.com\/index.php\/wp-json\/wp\/v2\/media?parent=325"}],"curies":[{"name":"wp","href":"https:\/\/api.w.org\/{rel}","templated":true}]}}